{"id":1032,"date":"2023-04-27T11:52:00","date_gmt":"2023-04-27T11:52:00","guid":{"rendered":"http:\/\/imes.edu.ar\/cemer\/?page_id=1032"},"modified":"2023-04-27T12:01:17","modified_gmt":"2023-04-27T12:01:17","slug":"libro-4","status":"publish","type":"page","link":"http:\/\/imes.edu.ar\/cemer\/libro-4\/","title":{"rendered":"Libro 4"},"content":{"rendered":"\t\t<div data-elementor-type=\"wp-page\" data-elementor-id=\"1032\" class=\"elementor elementor-1032\" data-elementor-post-type=\"page\">\n\t\t\t\t\t\t\t\t\t<section class=\"elementor-section elementor-top-section elementor-element elementor-element-4aee4de8 elementor-section-content-top elementor-section-boxed elementor-section-height-default elementor-section-height-default\" data-id=\"4aee4de8\" data-element_type=\"section\" data-settings=\"{&quot;background_background&quot;:&quot;classic&quot;}\">\n\t\t\t\t\t\t<div class=\"elementor-container elementor-column-gap-no\">\n\t\t\t\t\t<div class=\"elementor-column elementor-col-100 elementor-top-column elementor-element elementor-element-31821bca\" data-id=\"31821bca\" data-element_type=\"column\">\n\t\t\t<div class=\"elementor-widget-wrap elementor-element-populated\">\n\t\t\t\t\t\t\t\t<div class=\"elementor-element elementor-element-48c94c18 elementor-invisible elementor-widget elementor-widget-heading\" data-id=\"48c94c18\" data-element_type=\"widget\" data-settings=\"{&quot;_animation&quot;:&quot;fadeIn&quot;}\" data-widget_type=\"heading.default\">\n\t\t\t\t<div class=\"elementor-widget-container\">\n\t\t\t<h5 class=\"elementor-heading-title elementor-size-small\">Edici\u00f3n Digital <\/h5>\t\t<\/div>\n\t\t\t\t<\/div>\n\t\t\t\t<div class=\"elementor-element elementor-element-7075fa39 elementor-invisible elementor-widget elementor-widget-heading\" data-id=\"7075fa39\" data-element_type=\"widget\" data-settings=\"{&quot;_animation&quot;:&quot;fadeIn&quot;}\" data-widget_type=\"heading.default\">\n\t\t\t\t<div class=\"elementor-widget-container\">\n\t\t\t<h2 class=\"elementor-heading-title elementor-size-xl\">MANUAL DE\nINDUCCI\u00d3N\nPARA\nEL PERSONAL\nSANITARIO\nDE LA PROVINCIA DE MISIONES<\/h2>\t\t<\/div>\n\t\t\t\t<\/div>\n\t\t\t\t<div class=\"elementor-element elementor-element-415b126 elementor-invisible elementor-widget elementor-widget-text-editor\" data-id=\"415b126\" data-element_type=\"widget\" data-settings=\"{&quot;_animation&quot;:&quot;fadeIn&quot;}\" data-widget_type=\"text-editor.default\">\n\t\t\t\t<div class=\"elementor-widget-container\">\n\t\t\t\t\t\t\t<p>Colecci\u00f3n Gesti\u00f3n P\u00fablica Serie Salud<\/p>\t\t\t\t\t\t<\/div>\n\t\t\t\t<\/div>\n\t\t\t\t<div class=\"elementor-element elementor-element-3eab3002 elementor-widget elementor-widget-text-editor\" data-id=\"3eab3002\" data-element_type=\"widget\" data-widget_type=\"text-editor.default\">\n\t\t\t\t<div class=\"elementor-widget-container\">\n\t\t\t\t\t\t\t<p><b>\u00a9 Autor: <\/b>L\u00f3pez Torres, Luis Eduardo<br>ISBN 978-987-47499-2-5<br><b>Edici\u00f3n Digital CEMER IMES<\/b><br><b>Dise\u00f1o de tapa, diagramaci\u00f3n y correci\u00f3n:<\/b> Diana Paola Pietrovzki &amp; Yanina Denis<\/p>\t\t\t\t\t\t<\/div>\n\t\t\t\t<\/div>\n\t\t\t\t\t<\/div>\n\t\t<\/div>\n\t\t\t\t\t\t\t<\/div>\n\t\t<\/section>\n\t\t\t\t<section class=\"elementor-section elementor-top-section elementor-element elementor-element-43acb93c elementor-section-boxed elementor-section-height-default elementor-section-height-default\" data-id=\"43acb93c\" data-element_type=\"section\" data-settings=\"{&quot;background_background&quot;:&quot;classic&quot;}\">\n\t\t\t\t\t\t\t<div class=\"elementor-background-overlay\"><\/div>\n\t\t\t\t\t\t\t<div class=\"elementor-container elementor-column-gap-default\">\n\t\t\t\t\t<div class=\"elementor-column elementor-col-100 elementor-top-column elementor-element elementor-element-6250fe4b\" data-id=\"6250fe4b\" data-element_type=\"column\">\n\t\t\t<div class=\"elementor-widget-wrap elementor-element-populated\">\n\t\t\t\t\t\t\t\t<div class=\"elementor-element elementor-element-1c891039 elementor-widget-divider--view-line elementor-widget elementor-widget-divider\" data-id=\"1c891039\" data-element_type=\"widget\" data-widget_type=\"divider.default\">\n\t\t\t\t<div class=\"elementor-widget-container\">\n\t\t\t\t\t<div class=\"elementor-divider\">\n\t\t\t<span class=\"elementor-divider-separator\">\n\t\t\t\t\t\t<\/span>\n\t\t<\/div>\n\t\t\t\t<\/div>\n\t\t\t\t<\/div>\n\t\t\t\t<div class=\"elementor-element elementor-element-4aef1977 elementor-widget elementor-widget-shortcode\" data-id=\"4aef1977\" data-element_type=\"widget\" data-widget_type=\"shortcode.default\">\n\t\t\t\t<div class=\"elementor-widget-container\">\n\t\t\t\t\t<div class=\"elementor-shortcode\"><div class=\"_3d-flip-book  fb3d-fullscreen-mode full-size\" data-id=\"0\" data-mode=\"fullscreen\" data-title=\"false\" data-template=\"short-white-book-view\" data-lightbox=\"dark-shadow\" data-urlparam=\"fb3d-page\" data-page-n=\"0\" data-pdf=\"https:\/\/imes.edu.ar\/cemer\/wp-content\/uploads\/2023\/04\/MANUAL-DE-INDUCCI\u00d3N.pdf\" data-tax=\"null\" data-thumbnail=\"\" data-cols=\"3\" data-book-template=\"default\" data-trigger=\"\"><\/div><\/div>\n\t\t\t\t<\/div>\n\t\t\t\t<\/div>\n\t\t\t\t<div class=\"elementor-element elementor-element-1ea8218c elementor-widget-divider--view-line elementor-widget elementor-widget-divider\" data-id=\"1ea8218c\" data-element_type=\"widget\" data-widget_type=\"divider.default\">\n\t\t\t\t<div class=\"elementor-widget-container\">\n\t\t\t\t\t<div class=\"elementor-divider\">\n\t\t\t<span class=\"elementor-divider-separator\">\n\t\t\t\t\t\t<\/span>\n\t\t<\/div>\n\t\t\t\t<\/div>\n\t\t\t\t<\/div>\n\t\t\t\t<div class=\"elementor-element elementor-element-5a70c37 elementor-widget elementor-widget-spacer\" data-id=\"5a70c37\" data-element_type=\"widget\" data-widget_type=\"spacer.default\">\n\t\t\t\t<div class=\"elementor-widget-container\">\n\t\t\t\t\t<div class=\"elementor-spacer\">\n\t\t\t<div class=\"elementor-spacer-inner\"><\/div>\n\t\t<\/div>\n\t\t\t\t<\/div>\n\t\t\t\t<\/div>\n\t\t\t\t\t<\/div>\n\t\t<\/div>\n\t\t\t\t\t\t\t<\/div>\n\t\t<\/section>\n\t\t\t\t\t\t\t<\/div>\n\t\t","protected":false},"excerpt":{"rendered":"<p>Edici\u00f3n Digital MANUAL DE INDUCCI\u00d3N PARA EL PERSONAL SANITARIO DE LA PROVINCIA DE MISIONES Colecci\u00f3n Gesti\u00f3n P\u00fablica Serie Salud \u00a9 Autor: L\u00f3pez Torres, Luis EduardoISBN 978-987-47499-2-5Edici\u00f3n Digital CEMER IMESDise\u00f1o de tapa, diagramaci\u00f3n y correci\u00f3n: Diana Paola Pietrovzki &amp; Yanina Denis<\/p>\n","protected":false},"author":2,"featured_media":0,"parent":0,"menu_order":0,"comment_status":"closed","ping_status":"closed","template":"","meta":{"site-sidebar-layout":"no-sidebar","site-content-layout":"page-builder","ast-site-content-layout":"","site-content-style":"default","site-sidebar-style":"default","ast-global-header-display":"","ast-banner-title-visibility":"","ast-main-header-display":"","ast-hfb-above-header-display":"","ast-hfb-below-header-display":"","ast-hfb-mobile-header-display":"","site-post-title":"disabled","ast-breadcrumbs-content":"","ast-featured-img":"disabled","footer-sml-layout":"","theme-transparent-header-meta":"default","adv-header-id-meta":"","stick-header-meta":"","header-above-stick-meta":"","header-main-stick-meta":"","header-below-stick-meta":"","astra-migrate-meta-layouts":"","footnotes":""},"_links":{"self":[{"href":"http:\/\/imes.edu.ar\/cemer\/wp-json\/wp\/v2\/pages\/1032"}],"collection":[{"href":"http:\/\/imes.edu.ar\/cemer\/wp-json\/wp\/v2\/pages"}],"about":[{"href":"http:\/\/imes.edu.ar\/cemer\/wp-json\/wp\/v2\/types\/page"}],"author":[{"embeddable":true,"href":"http:\/\/imes.edu.ar\/cemer\/wp-json\/wp\/v2\/users\/2"}],"replies":[{"embeddable":true,"href":"http:\/\/imes.edu.ar\/cemer\/wp-json\/wp\/v2\/comments?post=1032"}],"version-history":[{"count":8,"href":"http:\/\/imes.edu.ar\/cemer\/wp-json\/wp\/v2\/pages\/1032\/revisions"}],"predecessor-version":[{"id":1043,"href":"http:\/\/imes.edu.ar\/cemer\/wp-json\/wp\/v2\/pages\/1032\/revisions\/1043"}],"wp:attachment":[{"href":"http:\/\/imes.edu.ar\/cemer\/wp-json\/wp\/v2\/media?parent=1032"}],"curies":[{"name":"wp","href":"https:\/\/api.w.org\/{rel}","templated":true}]}}