{"id":566,"date":"2020-11-11T14:35:06","date_gmt":"2020-11-11T14:35:06","guid":{"rendered":"http:\/\/imes.edu.ar\/cemer\/?page_id=566"},"modified":"2022-05-10T19:31:31","modified_gmt":"2022-05-10T19:31:31","slug":"libros2","status":"publish","type":"page","link":"https:\/\/imes.edu.ar\/cemer\/libros2\/","title":{"rendered":"libros2"},"content":{"rendered":"\t\t<div data-elementor-type=\"wp-page\" data-elementor-id=\"566\" class=\"elementor elementor-566\" data-elementor-post-type=\"page\">\n\t\t\t\t\t\t\t\t\t<section class=\"elementor-section elementor-top-section elementor-element elementor-element-14593148 elementor-section-content-top elementor-section-boxed elementor-section-height-default elementor-section-height-default\" data-id=\"14593148\" data-element_type=\"section\" data-settings=\"{&quot;background_background&quot;:&quot;classic&quot;}\">\n\t\t\t\t\t\t<div class=\"elementor-container elementor-column-gap-no\">\n\t\t\t\t\t<div class=\"elementor-column elementor-col-100 elementor-top-column elementor-element elementor-element-6ff94254\" data-id=\"6ff94254\" data-element_type=\"column\">\n\t\t\t<div class=\"elementor-widget-wrap elementor-element-populated\">\n\t\t\t\t\t\t\t\t<div class=\"elementor-element elementor-element-67620efd elementor-invisible elementor-widget elementor-widget-heading\" data-id=\"67620efd\" data-element_type=\"widget\" data-settings=\"{&quot;_animation&quot;:&quot;fadeIn&quot;}\" data-widget_type=\"heading.default\">\n\t\t\t\t<div class=\"elementor-widget-container\">\n\t\t\t<h5 class=\"elementor-heading-title elementor-size-small\">Instituto Misionero de Estudios Superiores (IMES)<\/h5>\t\t<\/div>\n\t\t\t\t<\/div>\n\t\t\t\t<div class=\"elementor-element elementor-element-13202cfe elementor-invisible elementor-widget elementor-widget-heading\" data-id=\"13202cfe\" data-element_type=\"widget\" data-settings=\"{&quot;_animation&quot;:&quot;fadeIn&quot;}\" data-widget_type=\"heading.default\">\n\t\t\t\t<div class=\"elementor-widget-container\">\n\t\t\t<h2 class=\"elementor-heading-title elementor-size-xl\">Participaci\u00f3n, G\u00e9nero y Juventudes en Presupuesto Participativo Posadas<\/h2>\t\t<\/div>\n\t\t\t\t<\/div>\n\t\t\t\t<div class=\"elementor-element elementor-element-49c1a712 elementor-invisible elementor-widget elementor-widget-text-editor\" data-id=\"49c1a712\" data-element_type=\"widget\" data-settings=\"{&quot;_animation&quot;:&quot;fadeIn&quot;}\" data-widget_type=\"text-editor.default\">\n\t\t\t\t<div class=\"elementor-widget-container\">\n\t\t\t\t\t\t\t<p>\u201c4 a\u00f1os de construcci\u00f3n local entre gobierno, academia y ciudadan\u00eda\u201d<\/p>\t\t\t\t\t\t<\/div>\n\t\t\t\t<\/div>\n\t\t\t\t<div class=\"elementor-element elementor-element-20c362bf elementor-widget-divider--view-line elementor-invisible elementor-widget elementor-widget-divider\" data-id=\"20c362bf\" data-element_type=\"widget\" data-settings=\"{&quot;_animation&quot;:&quot;fadeInUp&quot;}\" data-widget_type=\"divider.default\">\n\t\t\t\t<div class=\"elementor-widget-container\">\n\t\t\t\t\t<div class=\"elementor-divider\">\n\t\t\t<span class=\"elementor-divider-separator\">\n\t\t\t\t\t\t<\/span>\n\t\t<\/div>\n\t\t\t\t<\/div>\n\t\t\t\t<\/div>\n\t\t\t\t<div class=\"elementor-element elementor-element-0702a6f elementor-widget elementor-widget-text-editor\" data-id=\"0702a6f\" data-element_type=\"widget\" data-widget_type=\"text-editor.default\">\n\t\t\t\t<div class=\"elementor-widget-container\">\n\t\t\t\t\t\t\t<p>Participaci\u00f3n, g\u00e9nero y juventudes en Presupuesto Participativo Posadas : 4 a\u00f1os de construcci\u00f3n local entre gobierno, academia y ciudadan\u00eda \/ Valeria Mariel Jac-quemin &#8230; [et al.] ; compilado por Valeria Mariel Jacquemin ; editado por Patricia Liliana edrazzini. &#8211; 1a ed . &#8211; Posadas : CEMER-Centro Misionero de Estudios Regionales en pol\u00edticas P\u00fablicas y Desarrollo Regional, 2019. Libro digital, PDF &#8211; (Pol\u00edticas P\u00fablicas. investi-gaci\u00f3n acci\u00f3n)<\/p>\t\t\t\t\t\t<\/div>\n\t\t\t\t<\/div>\n\t\t\t\t<div class=\"elementor-element elementor-element-b655877 elementor-widget elementor-widget-shortcode\" data-id=\"b655877\" data-element_type=\"widget\" data-widget_type=\"shortcode.default\">\n\t\t\t\t<div class=\"elementor-widget-container\">\n\t\t\t\t\t<div class=\"elementor-shortcode\"><div class=\"_3d-flip-book  fb3d-fullscreen-mode full-size\" data-id=\"0\" data-mode=\"fullscreen\" data-title=\"false\" data-template=\"short-white-book-view\" data-lightbox=\"dark-shadow\" data-urlparam=\"fb3d-page\" data-page-n=\"0\" data-pdf=\"http:\/\/imes.edu.ar\/cemer\/wp-content\/uploads\/2020\/11\/presupuestoparticipativo2.pdf\" data-tax=\"null\" data-thumbnail=\"\" data-cols=\"3\" data-book-template=\"default\" data-trigger=\"\"><\/div><\/div>\n\t\t\t\t<\/div>\n\t\t\t\t<\/div>\n\t\t\t\t\t<\/div>\n\t\t<\/div>\n\t\t\t\t\t\t\t<\/div>\n\t\t<\/section>\n\t\t\t\t\t\t\t<\/div>\n\t\t","protected":false},"excerpt":{"rendered":"<p>Instituto Misionero de Estudios Superiores (IMES) Participaci\u00f3n, G\u00e9nero y Juventudes en Presupuesto Participativo Posadas \u201c4 a\u00f1os de construcci\u00f3n local entre gobierno, academia y ciudadan\u00eda\u201d Participaci\u00f3n, g\u00e9nero y juventudes en Presupuesto Participativo Posadas : 4 a\u00f1os de construcci\u00f3n local entre gobierno, academia y ciudadan\u00eda \/ Valeria Mariel Jac-quemin &#8230; [et al.] ; compilado por Valeria Mariel &hellip;<\/p>\n<p class=\"read-more\"> <a class=\"\" href=\"https:\/\/imes.edu.ar\/cemer\/libros2\/\"> <span class=\"screen-reader-text\">libros2<\/span> Leer m\u00e1s &raquo;<\/a><\/p>\n","protected":false},"author":2,"featured_media":0,"parent":0,"menu_order":0,"comment_status":"closed","ping_status":"closed","template":"","meta":{"site-sidebar-layout":"no-sidebar","site-content-layout":"page-builder","ast-site-content-layout":"","site-content-style":"default","site-sidebar-style":"default","ast-global-header-display":"","ast-banner-title-visibility":"","ast-main-header-display":"","ast-hfb-above-header-display":"","ast-hfb-below-header-display":"","ast-hfb-mobile-header-display":"","site-post-title":"disabled","ast-breadcrumbs-content":"","ast-featured-img":"disabled","footer-sml-layout":"","theme-transparent-header-meta":"default","adv-header-id-meta":"","stick-header-meta":"","header-above-stick-meta":"","header-main-stick-meta":"","header-below-stick-meta":"","astra-migrate-meta-layouts":"","footnotes":""},"_links":{"self":[{"href":"https:\/\/imes.edu.ar\/cemer\/wp-json\/wp\/v2\/pages\/566"}],"collection":[{"href":"https:\/\/imes.edu.ar\/cemer\/wp-json\/wp\/v2\/pages"}],"about":[{"href":"https:\/\/imes.edu.ar\/cemer\/wp-json\/wp\/v2\/types\/page"}],"author":[{"embeddable":true,"href":"https:\/\/imes.edu.ar\/cemer\/wp-json\/wp\/v2\/users\/2"}],"replies":[{"embeddable":true,"href":"https:\/\/imes.edu.ar\/cemer\/wp-json\/wp\/v2\/comments?post=566"}],"version-history":[{"count":6,"href":"https:\/\/imes.edu.ar\/cemer\/wp-json\/wp\/v2\/pages\/566\/revisions"}],"predecessor-version":[{"id":797,"href":"https:\/\/imes.edu.ar\/cemer\/wp-json\/wp\/v2\/pages\/566\/revisions\/797"}],"wp:attachment":[{"href":"https:\/\/imes.edu.ar\/cemer\/wp-json\/wp\/v2\/media?parent=566"}],"curies":[{"name":"wp","href":"https:\/\/api.w.org\/{rel}","templated":true}]}}